{"id":5642,"date":"2021-10-01T09:18:36","date_gmt":"2021-10-01T09:18:36","guid":{"rendered":"http:\/\/preview.delta-automation.de\/wordpress\/?page_id=5642"},"modified":"2023-07-11T05:09:18","modified_gmt":"2023-07-11T05:09:18","slug":"stellen","status":"publish","type":"page","link":"https:\/\/www.delta-automation.de\/?page_id=5642","title":{"rendered":"Stellen"},"content":{"rendered":"\t\t<div data-elementor-type=\"wp-page\" data-elementor-id=\"5642\" class=\"elementor elementor-5642\">\n\t\t\t\t\t\t<section class=\"elementor-section elementor-top-section elementor-element elementor-element-c86ad30 elementor-section-boxed elementor-section-height-default elementor-section-height-default\" data-id=\"c86ad30\" data-element_type=\"section\" data-e-type=\"section\">\n\t\t\t\t\t\t<div class=\"elementor-container elementor-column-gap-default\">\n\t\t\t\t\t<div class=\"elementor-column elementor-col-100 elementor-top-column elementor-element elementor-element-337e8ef\" data-id=\"337e8ef\" data-element_type=\"column\" data-e-type=\"column\">\n\t\t\t<div class=\"elementor-widget-wrap elementor-element-populated\">\n\t\t\t\t\t\t<div class=\"elementor-element elementor-element-e37f04a elementor-widget elementor-widget-spacer\" data-id=\"e37f04a\" data-element_type=\"widget\" data-e-type=\"widget\" data-widget_type=\"spacer.default\">\n\t\t\t\t<div class=\"elementor-widget-container\">\n\t\t\t\t\t\t\t<div class=\"elementor-spacer\">\n\t\t\t<div class=\"elementor-spacer-inner\"><\/div>\n\t\t<\/div>\n\t\t\t\t\t\t<\/div>\n\t\t\t\t<\/div>\n\t\t\t\t\t<\/div>\n\t\t<\/div>\n\t\t\t\t\t<\/div>\n\t\t<\/section>\n\t\t\t\t<section class=\"elementor-section elementor-top-section elementor-element elementor-element-b28e94b elementor-section-full_width elementor-section-height-default elementor-section-height-default\" data-id=\"b28e94b\" data-element_type=\"section\" data-e-type=\"section\" data-settings=\"{&quot;background_background&quot;:&quot;classic&quot;}\">\n\t\t\t\t\t\t<div class=\"elementor-container elementor-column-gap-default\">\n\t\t\t\t\t<div class=\"elementor-column elementor-col-100 elementor-top-column elementor-element elementor-element-06c9d68\" data-id=\"06c9d68\" data-element_type=\"column\" data-e-type=\"column\">\n\t\t\t<div class=\"elementor-widget-wrap elementor-element-populated\">\n\t\t\t\t\t\t<div class=\"elementor-element elementor-element-f3891a1 elementor-widget elementor-widget-heading\" data-id=\"f3891a1\" data-element_type=\"widget\" data-e-type=\"widget\" data-widget_type=\"heading.default\">\n\t\t\t\t<div class=\"elementor-widget-container\">\n\t\t\t\t\t<h1 class=\"elementor-heading-title elementor-size-xl\">BEREIT F\u00dcR EINE\nNEUE HERAUSFORDERUNG?<\/h1>\t\t\t\t<\/div>\n\t\t\t\t<\/div>\n\t\t\t\t\t<\/div>\n\t\t<\/div>\n\t\t\t\t\t<\/div>\n\t\t<\/section>\n\t\t\t\t<section class=\"elementor-section elementor-top-section elementor-element elementor-element-b2a2dab elementor-section-boxed elementor-section-height-default elementor-section-height-default\" data-id=\"b2a2dab\" data-element_type=\"section\" data-e-type=\"section\">\n\t\t\t\t\t\t<div class=\"elementor-container elementor-column-gap-default\">\n\t\t\t\t\t<div class=\"elementor-column elementor-col-100 elementor-top-column elementor-element elementor-element-7f0c742\" data-id=\"7f0c742\" data-element_type=\"column\" data-e-type=\"column\">\n\t\t\t<div class=\"elementor-widget-wrap elementor-element-populated\">\n\t\t\t\t\t\t<div class=\"elementor-element elementor-element-34c30f1 elementor-widget elementor-widget-spacer\" data-id=\"34c30f1\" data-element_type=\"widget\" data-e-type=\"widget\" data-widget_type=\"spacer.default\">\n\t\t\t\t<div class=\"elementor-widget-container\">\n\t\t\t\t\t\t\t<div class=\"elementor-spacer\">\n\t\t\t<div class=\"elementor-spacer-inner\"><\/div>\n\t\t<\/div>\n\t\t\t\t\t\t<\/div>\n\t\t\t\t<\/div>\n\t\t\t\t\t<\/div>\n\t\t<\/div>\n\t\t\t\t\t<\/div>\n\t\t<\/section>\n\t\t\t\t<section class=\"elementor-section elementor-top-section elementor-element elementor-element-aa06f01 elementor-section-boxed elementor-section-height-default elementor-section-height-default\" data-id=\"aa06f01\" data-element_type=\"section\" data-e-type=\"section\">\n\t\t\t\t\t\t<div class=\"elementor-container elementor-column-gap-default\">\n\t\t\t\t\t<div class=\"elementor-column elementor-col-50 elementor-top-column elementor-element elementor-element-5d6531e\" data-id=\"5d6531e\" data-element_type=\"column\" data-e-type=\"column\">\n\t\t\t<div class=\"elementor-widget-wrap elementor-element-populated\">\n\t\t\t\t\t\t<div class=\"elementor-element elementor-element-298259e elementor-widget elementor-widget-image\" data-id=\"298259e\" data-element_type=\"widget\" data-e-type=\"widget\" data-widget_type=\"image.default\">\n\t\t\t\t<div class=\"elementor-widget-container\">\n\t\t\t\t\t\t\t\t\t\t\t\t\t\t\t<img fetchpriority=\"high\" decoding=\"async\" width=\"1024\" height=\"681\" src=\"https:\/\/www.delta-automation.de\/wp-content\/uploads\/2021\/10\/stu-1024x681.jpg\" class=\"attachment-large size-large wp-image-5706\" alt=\"\" srcset=\"https:\/\/www.delta-automation.de\/wp-content\/uploads\/2021\/10\/stu-1024x681.jpg 1024w, https:\/\/www.delta-automation.de\/wp-content\/uploads\/2021\/10\/stu-300x200.jpg 300w, https:\/\/www.delta-automation.de\/wp-content\/uploads\/2021\/10\/stu-768x511.jpg 768w, https:\/\/www.delta-automation.de\/wp-content\/uploads\/2021\/10\/stu.jpg 1500w\" sizes=\"(max-width: 1024px) 100vw, 1024px\" \/>\t\t\t\t\t\t\t\t\t\t\t\t\t\t\t<\/div>\n\t\t\t\t<\/div>\n\t\t\t\t\t<\/div>\n\t\t<\/div>\n\t\t\t\t<div class=\"elementor-column elementor-col-50 elementor-top-column elementor-element elementor-element-8556a8e\" data-id=\"8556a8e\" data-element_type=\"column\" data-e-type=\"column\">\n\t\t\t<div class=\"elementor-widget-wrap elementor-element-populated\">\n\t\t\t\t\t\t<div class=\"elementor-element elementor-element-16fc20d elementor-widget elementor-widget-heading\" data-id=\"16fc20d\" data-element_type=\"widget\" data-e-type=\"widget\" data-widget_type=\"heading.default\">\n\t\t\t\t<div class=\"elementor-widget-container\">\n\t\t\t\t\t<h2 class=\"elementor-heading-title elementor-size-large\">Hochschulabsolventen<\/h2>\t\t\t\t<\/div>\n\t\t\t\t<\/div>\n\t\t\t\t<div class=\"elementor-element elementor-element-a2e54e6 elementor-widget elementor-widget-heading\" data-id=\"a2e54e6\" data-element_type=\"widget\" data-e-type=\"widget\" data-widget_type=\"heading.default\">\n\t\t\t\t<div class=\"elementor-widget-container\">\n\t\t\t\t\t<h2 class=\"elementor-heading-title elementor-size-small\">Einstieg in das Berufsleben<\/h2>\t\t\t\t<\/div>\n\t\t\t\t<\/div>\n\t\t\t\t<div class=\"elementor-element elementor-element-55e40bf elementor-widget elementor-widget-text-editor\" data-id=\"55e40bf\" data-element_type=\"widget\" data-e-type=\"widget\" data-widget_type=\"text-editor.default\">\n\t\t\t\t<div class=\"elementor-widget-container\">\n\t\t\t\t\t\t\t\t\t<p>Sie stehen unmittelbar vor der Erlangung eines Hochschulabschlusses oder haben ihn schon in der Tasche und m\u00f6chten nun durchstarten?<\/p><p>Wir bieten engagierten Absolventen die M\u00f6glichkeit, bei uns direkt einzusteigen. Wir suchen Absolventen der Fachrichtungen Automatisierungstechnik.<\/p><ul><li>Sie haben Ihr Studium mit Erfolg abgeschlossen?<\/li><li>Als Student hatten Sie bereits Gelegenheit, praktische Erfahrungen zu sammeln?<\/li><li>Dar\u00fcber hinaus arbeiten Sie gerne im Team, sind kommunikativ und f\u00fchlen sich wohl in einer kollegialen Atmosph\u00e4re?<\/li><\/ul><p>Dann freuen wir uns auf Ihre Bewerbung.<\/p><p>Kontakt: <a href=\"mailto:uwe.boczek@delta-automation.de\">jens.boczek@delta-automation.de<\/a><\/p>\t\t\t\t\t\t\t\t<\/div>\n\t\t\t\t<\/div>\n\t\t\t\t\t<\/div>\n\t\t<\/div>\n\t\t\t\t\t<\/div>\n\t\t<\/section>\n\t\t\t\t<section class=\"elementor-section elementor-top-section elementor-element elementor-element-2525eb3 elementor-section-boxed elementor-section-height-default elementor-section-height-default\" data-id=\"2525eb3\" data-element_type=\"section\" data-e-type=\"section\">\n\t\t\t\t\t\t<div class=\"elementor-container elementor-column-gap-default\">\n\t\t\t\t\t<div class=\"elementor-column elementor-col-100 elementor-top-column elementor-element elementor-element-c538298\" data-id=\"c538298\" data-element_type=\"column\" data-e-type=\"column\">\n\t\t\t<div class=\"elementor-widget-wrap\">\n\t\t\t\t\t\t\t<\/div>\n\t\t<\/div>\n\t\t\t\t\t<\/div>\n\t\t<\/section>\n\t\t\t\t<section class=\"elementor-section elementor-top-section elementor-element elementor-element-efcd939 elementor-section-boxed elementor-section-height-default elementor-section-height-default\" data-id=\"efcd939\" data-element_type=\"section\" data-e-type=\"section\">\n\t\t\t\t\t\t<div class=\"elementor-container elementor-column-gap-default\">\n\t\t\t\t\t<div class=\"elementor-column elementor-col-50 elementor-top-column elementor-element elementor-element-70fddca\" data-id=\"70fddca\" data-element_type=\"column\" data-e-type=\"column\">\n\t\t\t<div class=\"elementor-widget-wrap elementor-element-populated\">\n\t\t\t\t\t\t<div class=\"elementor-element elementor-element-525e5f9 elementor-widget elementor-widget-image\" data-id=\"525e5f9\" data-element_type=\"widget\" data-e-type=\"widget\" data-widget_type=\"image.default\">\n\t\t\t\t<div class=\"elementor-widget-container\">\n\t\t\t\t\t\t\t\t\t\t\t\t\t\t\t<img decoding=\"async\" width=\"1024\" height=\"681\" src=\"https:\/\/www.delta-automation.de\/wp-content\/uploads\/2021\/10\/worker-1024x681.jpg\" class=\"attachment-large size-large wp-image-5707\" alt=\"\" srcset=\"https:\/\/www.delta-automation.de\/wp-content\/uploads\/2021\/10\/worker-1024x681.jpg 1024w, https:\/\/www.delta-automation.de\/wp-content\/uploads\/2021\/10\/worker-300x200.jpg 300w, https:\/\/www.delta-automation.de\/wp-content\/uploads\/2021\/10\/worker-768x511.jpg 768w, https:\/\/www.delta-automation.de\/wp-content\/uploads\/2021\/10\/worker.jpg 1500w\" sizes=\"(max-width: 1024px) 100vw, 1024px\" \/>\t\t\t\t\t\t\t\t\t\t\t\t\t\t\t<\/div>\n\t\t\t\t<\/div>\n\t\t\t\t\t<\/div>\n\t\t<\/div>\n\t\t\t\t<div class=\"elementor-column elementor-col-50 elementor-top-column elementor-element elementor-element-eb475f9\" data-id=\"eb475f9\" data-element_type=\"column\" data-e-type=\"column\">\n\t\t\t<div class=\"elementor-widget-wrap elementor-element-populated\">\n\t\t\t\t\t\t<div class=\"elementor-element elementor-element-95394a5 elementor-widget elementor-widget-heading\" data-id=\"95394a5\" data-element_type=\"widget\" data-e-type=\"widget\" data-widget_type=\"heading.default\">\n\t\t\t\t<div class=\"elementor-widget-container\">\n\t\t\t\t\t<h2 class=\"elementor-heading-title elementor-size-large\">Berufserfahrene<\/h2>\t\t\t\t<\/div>\n\t\t\t\t<\/div>\n\t\t\t\t<div class=\"elementor-element elementor-element-0fbcace elementor-widget elementor-widget-heading\" data-id=\"0fbcace\" data-element_type=\"widget\" data-e-type=\"widget\" data-widget_type=\"heading.default\">\n\t\t\t\t<div class=\"elementor-widget-container\">\n\t\t\t\t\t<h2 class=\"elementor-heading-title elementor-size-small\">Neue Herausforderungen meistern<\/h2>\t\t\t\t<\/div>\n\t\t\t\t<\/div>\n\t\t\t\t<div class=\"elementor-element elementor-element-9c82500 elementor-widget elementor-widget-text-editor\" data-id=\"9c82500\" data-element_type=\"widget\" data-e-type=\"widget\" data-widget_type=\"text-editor.default\">\n\t\t\t\t<div class=\"elementor-widget-container\">\n\t\t\t\t\t\t\t\t\t<p>Delta Automation verf\u00fcgt \u00fcber jahrzehntelange Erfahrung in der Automatisierungstechnik. Darauf bauen wir \u2013 und das bauen wir aus. Gerne mit Ihnen gemeinsam. Sie haben einen Master- oder Ingenieurabschluss, haben bereits einige Jahre Berufserfahrung gesammelt und sind<\/p><ul><li>Spezialist auf dem Gebiet der Planung, Programmierung und Inbetriebnahme von Automatisierungssystemen mit m\u00f6glichst<\/li><li>ausgepr\u00e4gten Kenntnissen im Umgang mit speicherprogrammierbaren Steuerungen und Prozessleitsystemen und haben<\/li><li>Erfahrungen im Umgang mit CAE-Systemen?<\/li><\/ul><p>Dann freuen wir uns auf Ihre Bewerbung.<\/p><p>Kontakt: <a href=\"mailto:uwe.boczek@delta-automation.de\">jens.boczek@delta-automation.de<\/a><\/p>\t\t\t\t\t\t\t\t<\/div>\n\t\t\t\t<\/div>\n\t\t\t\t\t<\/div>\n\t\t<\/div>\n\t\t\t\t\t<\/div>\n\t\t<\/section>\n\t\t\t\t<section class=\"elementor-section elementor-top-section elementor-element elementor-element-f792959 elementor-section-boxed elementor-section-height-default elementor-section-height-default\" data-id=\"f792959\" data-element_type=\"section\" data-e-type=\"section\" data-settings=\"{&quot;background_background&quot;:&quot;classic&quot;}\">\n\t\t\t\t\t\t<div class=\"elementor-container elementor-column-gap-default\">\n\t\t\t\t\t<div class=\"elementor-column elementor-col-100 elementor-top-column elementor-element elementor-element-7e08fbc\" data-id=\"7e08fbc\" data-element_type=\"column\" data-e-type=\"column\">\n\t\t\t<div class=\"elementor-widget-wrap\">\n\t\t\t\t\t\t\t<\/div>\n\t\t<\/div>\n\t\t\t\t\t<\/div>\n\t\t<\/section>\n\t\t\t\t<\/div>\n\t\t","protected":false},"excerpt":{"rendered":"<p>BEREIT F\u00dcR EINE NEUE HERAUSFORDERUNG? Hochschulabsolventen Einstieg in das Berufsleben Sie stehen unmittelbar vor der Erlangung eines Hochschulabschlusses oder haben ihn schon in der Tasche und m\u00f6chten nun durchstarten? Wir bieten engagierten Absolventen die M\u00f6glichkeit, bei uns direkt einzusteigen. Wir suchen Absolventen der Fachrichtungen Automatisierungstechnik. Sie haben Ihr Studium mit Erfolg abgeschlossen? Als Student hatten [&hellip;]<\/p>\n","protected":false},"author":1,"featured_media":0,"parent":0,"menu_order":0,"comment_status":"closed","ping_status":"closed","template":"elementor_header_footer","meta":{"footnotes":""},"class_list":["post-5642","page","type-page","status-publish","hentry"],"_links":{"self":[{"href":"https:\/\/www.delta-automation.de\/index.php?rest_route=\/wp\/v2\/pages\/5642","targetHints":{"allow":["GET"]}}],"collection":[{"href":"https:\/\/www.delta-automation.de\/index.php?rest_route=\/wp\/v2\/pages"}],"about":[{"href":"https:\/\/www.delta-automation.de\/index.php?rest_route=\/wp\/v2\/types\/page"}],"author":[{"embeddable":true,"href":"https:\/\/www.delta-automation.de\/index.php?rest_route=\/wp\/v2\/users\/1"}],"replies":[{"embeddable":true,"href":"https:\/\/www.delta-automation.de\/index.php?rest_route=%2Fwp%2Fv2%2Fcomments&post=5642"}],"version-history":[{"count":35,"href":"https:\/\/www.delta-automation.de\/index.php?rest_route=\/wp\/v2\/pages\/5642\/revisions"}],"predecessor-version":[{"id":6367,"href":"https:\/\/www.delta-automation.de\/index.php?rest_route=\/wp\/v2\/pages\/5642\/revisions\/6367"}],"wp:attachment":[{"href":"https:\/\/www.delta-automation.de\/index.php?rest_route=%2Fwp%2Fv2%2Fmedia&parent=5642"}],"curies":[{"name":"wp","href":"https:\/\/api.w.org\/{rel}","templated":true}]}}